{"id":10,"date":"2025-09-11T18:04:28","date_gmt":"2025-09-11T16:04:28","guid":{"rendered":"https:\/\/elektrocopy.pl\/?page_id=10"},"modified":"2025-10-06T14:08:08","modified_gmt":"2025-10-06T12:08:08","slug":"kontakt","status":"publish","type":"page","link":"https:\/\/elektrocopy.pl\/?page_id=10","title":{"rendered":"Kontakt"},"content":{"rendered":"\n<p>Zdecydowany na wsp\u00f3\u0142prac\u0119? Masz pytania? <\/p>\n\n\n\n<p>Skontaktuj si\u0119 za mn\u0105 przez maila:<\/p>\n\n\n\n<p>kopekpiotr07@gmail.com<\/p>\n\n\n\n<p><\/p>\n","protected":false},"excerpt":{"rendered":"<p>Zdecydowany na wsp\u00f3\u0142prac\u0119? Masz pytania? Skontaktuj si\u0119 za mn\u0105 przez maila: kopekpiotr07@gmail.com<\/p>\n","protected":false},"author":1,"featured_media":0,"parent":0,"menu_order":0,"comment_status":"closed","ping_status":"closed","template":"","meta":{"_kad_post_transparent":"","_kad_post_title":"","_kad_post_layout":"","_kad_post_sidebar_id":"","_kad_post_content_style":"","_kad_post_vertical_padding":"","_kad_post_feature":"","_kad_post_feature_position":"","_kad_post_header":false,"_kad_post_footer":false,"footnotes":""},"class_list":["post-10","page","type-page","status-publish","hentry"],"_links":{"self":[{"href":"https:\/\/elektrocopy.pl\/index.php?rest_route=\/wp\/v2\/pages\/10","targetHints":{"allow":["GET"]}}],"collection":[{"href":"https:\/\/elektrocopy.pl\/index.php?rest_route=\/wp\/v2\/pages"}],"about":[{"href":"https:\/\/elektrocopy.pl\/index.php?rest_route=\/wp\/v2\/types\/page"}],"author":[{"embeddable":true,"href":"https:\/\/elektrocopy.pl\/index.php?rest_route=\/wp\/v2\/users\/1"}],"replies":[{"embeddable":true,"href":"https:\/\/elektrocopy.pl\/index.php?rest_route=%2Fwp%2Fv2%2Fcomments&post=10"}],"version-history":[{"count":2,"href":"https:\/\/elektrocopy.pl\/index.php?rest_route=\/wp\/v2\/pages\/10\/revisions"}],"predecessor-version":[{"id":70,"href":"https:\/\/elektrocopy.pl\/index.php?rest_route=\/wp\/v2\/pages\/10\/revisions\/70"}],"wp:attachment":[{"href":"https:\/\/elektrocopy.pl\/index.php?rest_route=%2Fwp%2Fv2%2Fmedia&parent=10"}],"curies":[{"name":"wp","href":"https:\/\/api.w.org\/{rel}","templated":true}]}}