{"id":12,"date":"2025-09-11T18:04:45","date_gmt":"2025-09-11T16:04:45","guid":{"rendered":"https:\/\/elektrocopy.pl\/?page_id=12"},"modified":"2025-12-29T16:57:12","modified_gmt":"2025-12-29T15:57:12","slug":"portfolio","status":"publish","type":"page","link":"https:\/\/elektrocopy.pl\/?page_id=12","title":{"rendered":"Portfolio"},"content":{"rendered":"\n<p>A gdzie s\u0105 te teksty?! Ta my\u015bl pojawi\u0142a si\u0119 pewnie w twojej g\u0142owie sekund\u0119 po wej\u015bciu do mojego portfolio.<\/p>\n\n\n\n<p>Kiedy\u015b pewien m\u0105dry copywriter powiedzia\u0142 mi, \u017ce wi\u0119kszo\u015b\u0107 portfolio copy zawiera same teksty. Dlatego postanowi\u0142em, \u017ce zrobi\u0119 inaczej i tym sposobem z\u0142api\u0119 twoj\u0105 uwag\u0119.&nbsp;<\/p>\n\n\n\n<p>Teraz gdy ju\u017c j\u0105 mam, powiem ci czym si\u0119 zajmuj\u0119.<\/p>\n\n\n\n<p>Jestem copywriterem bran\u017cy IT, czyli:<\/p>\n\n\n\n<ul class=\"wp-block-list\">\n<li>tworz\u0119 oryginalne tre\u015bci, kt\u00f3re przykuwaj\u0105 uwag\u0119<\/li>\n\n\n\n<li>robi\u0119 rzetelny research z dba\u0142o\u015bci\u0105 o podawanie \u017ar\u00f3de\u0142<\/li>\n\n\n\n<li>tworz\u0119 dobre merytorycznie teksty, kt\u00f3re edukuj\u0105 twoich czytelnik\u00f3w<\/li>\n\n\n\n<li>pasjonuj\u0119 si\u0119 elektronik\u0105 i przelewam to do tre\u015bci<\/li>\n\n\n\n<li>tworz\u0119 tre\u015bci, kt\u00f3re zbuduj\u0105 tw\u00f3j wizerunek eksperta i przynios\u0105 ci nowych czytelnik\u00f3w<\/li>\n<\/ul>\n\n\n\n<p>Je\u017celi formalno\u015bci mamy ju\u017c za sob\u0105, to w ko\u0144cu mog\u0119 pokaza\u0107 Ci&#8230;<\/p>\n\n\n\n<h2 class=\"wp-block-heading\">Moje teksty<\/h2>\n\n\n\n<p>Artyku\u0142 blogowy na stron\u0119 <a href=\"https:\/\/swiattechnologii.pl\/3-rzeczy-o-esp8266\/\" target=\"_blank\" rel=\"noopener\">swiattechnologii.pl<\/a><\/p>\n\n\n\n<figure class=\"wp-block-image size-large\"><img loading=\"lazy\" decoding=\"async\" width=\"1024\" height=\"576\" src=\"https:\/\/elektrocopy.pl\/wp-content\/uploads\/2025\/09\/ESP8266-do-portfolio-screenschot-1024x576.jpg\" alt=\"\" class=\"wp-image-46\" srcset=\"https:\/\/elektrocopy.pl\/wp-content\/uploads\/2025\/09\/ESP8266-do-portfolio-screenschot-1024x576.jpg 1024w, https:\/\/elektrocopy.pl\/wp-content\/uploads\/2025\/09\/ESP8266-do-portfolio-screenschot-300x169.jpg 300w, https:\/\/elektrocopy.pl\/wp-content\/uploads\/2025\/09\/ESP8266-do-portfolio-screenschot-768x432.jpg 768w, https:\/\/elektrocopy.pl\/wp-content\/uploads\/2025\/09\/ESP8266-do-portfolio-screenschot.jpg 1366w\" sizes=\"auto, (max-width: 1024px) 100vw, 1024px\" \/><\/figure>\n\n\n\n<p>Artyku\u0142 o e-commerce marketingu na stron\u0119 <a href=\"https:\/\/internetoweportfolio.pl\/jak-sprawic-by-kupowali-kluczowe-elementy-skutecznego-e-commerce-marketingu\/\" target=\"_blank\" rel=\"noopener\">internetoweportfolio.pl<\/a><\/p>\n\n\n\n<figure class=\"wp-block-image size-large\"><img loading=\"lazy\" decoding=\"async\" width=\"1024\" height=\"576\" src=\"https:\/\/elektrocopy.pl\/wp-content\/uploads\/2025\/09\/Screanshot-do-portfolio-e-commerce-marketing-1024x576.png\" alt=\"\" class=\"wp-image-49\" srcset=\"https:\/\/elektrocopy.pl\/wp-content\/uploads\/2025\/09\/Screanshot-do-portfolio-e-commerce-marketing-1024x576.png 1024w, https:\/\/elektrocopy.pl\/wp-content\/uploads\/2025\/09\/Screanshot-do-portfolio-e-commerce-marketing-300x169.png 300w, https:\/\/elektrocopy.pl\/wp-content\/uploads\/2025\/09\/Screanshot-do-portfolio-e-commerce-marketing-768x432.png 768w, https:\/\/elektrocopy.pl\/wp-content\/uploads\/2025\/09\/Screanshot-do-portfolio-e-commerce-marketing.png 1366w\" sizes=\"auto, (max-width: 1024px) 100vw, 1024px\" \/><\/figure>\n\n\n\n<p>Artyku\u0142 blogowy na bloga <a href=\"https:\/\/lvlapp.pl\/dungeons-dragons-poradnik-mistrza-gry\" target=\"_blank\" rel=\"noopener\">lvlapp.pl<\/a><\/p>\n\n\n\n<figure class=\"wp-block-image size-large is-resized\"><img loading=\"lazy\" decoding=\"async\" width=\"1024\" height=\"576\" src=\"https:\/\/elektrocopy.pl\/wp-content\/uploads\/2025\/09\/Screanshot-do-portfolio-dnd-1024x576.jpg\" alt=\"\" class=\"wp-image-50\" style=\"width:1178px;height:auto\" srcset=\"https:\/\/elektrocopy.pl\/wp-content\/uploads\/2025\/09\/Screanshot-do-portfolio-dnd-1024x576.jpg 1024w, https:\/\/elektrocopy.pl\/wp-content\/uploads\/2025\/09\/Screanshot-do-portfolio-dnd-300x169.jpg 300w, https:\/\/elektrocopy.pl\/wp-content\/uploads\/2025\/09\/Screanshot-do-portfolio-dnd-768x432.jpg 768w, https:\/\/elektrocopy.pl\/wp-content\/uploads\/2025\/09\/Screanshot-do-portfolio-dnd.jpg 1366w\" sizes=\"auto, (max-width: 1024px) 100vw, 1024px\" \/><\/figure>\n\n\n\n<h2 class=\"wp-block-heading\">Opr\u00f3cz tekst\u00f3w, mam te\u017c przeszkolenie copywritingowe z kursu<\/h2>\n\n\n\n<figure class=\"wp-block-image size-large\"><img loading=\"lazy\" decoding=\"async\" width=\"1024\" height=\"724\" src=\"https:\/\/elektrocopy.pl\/wp-content\/uploads\/2025\/12\/Certyfikat-za-kurs-copywritingu-1024x724.png\" alt=\"\" class=\"wp-image-105\" srcset=\"https:\/\/elektrocopy.pl\/wp-content\/uploads\/2025\/12\/Certyfikat-za-kurs-copywritingu-1024x724.png 1024w, https:\/\/elektrocopy.pl\/wp-content\/uploads\/2025\/12\/Certyfikat-za-kurs-copywritingu-300x212.png 300w, https:\/\/elektrocopy.pl\/wp-content\/uploads\/2025\/12\/Certyfikat-za-kurs-copywritingu-768x543.png 768w, https:\/\/elektrocopy.pl\/wp-content\/uploads\/2025\/12\/Certyfikat-za-kurs-copywritingu-1536x1086.png 1536w, https:\/\/elektrocopy.pl\/wp-content\/uploads\/2025\/12\/Certyfikat-za-kurs-copywritingu.png 2000w\" sizes=\"auto, (max-width: 1024px) 100vw, 1024px\" \/><\/figure>\n\n\n\n<p>Teraz wiesz ju\u017c wszystko co wa\u017cne, czyli to jak pisz\u0119. Pozostaje pytanie: czy zdecydujesz mi si\u0119 zaufa\u0107? Je\u015bli tak, to \u015bmia\u0142o klikaj w linka poni\u017cej!<\/p>\n\n\n<style>.wp-block-kadence-advancedbtn.kb-btns12_779a99-21{gap:var(--global-kb-gap-xs, 0.5rem );justify-content:center;align-items:center;}.kt-btns12_779a99-21 .kt-button{font-weight:normal;font-style:normal;}.kt-btns12_779a99-21 .kt-btn-wrap-0{margin-right:5px;}.wp-block-kadence-advancedbtn.kt-btns12_779a99-21 .kt-btn-wrap-0 .kt-button{color:#555555;border-color:#555555;}.wp-block-kadence-advancedbtn.kt-btns12_779a99-21 .kt-btn-wrap-0 .kt-button:hover, .wp-block-kadence-advancedbtn.kt-btns12_779a99-21 .kt-btn-wrap-0 .kt-button:focus{color:#ffffff;border-color:#444444;}.wp-block-kadence-advancedbtn.kt-btns12_779a99-21 .kt-btn-wrap-0 .kt-button::before{display:none;}.wp-block-kadence-advancedbtn.kt-btns12_779a99-21 .kt-btn-wrap-0 .kt-button:hover, .wp-block-kadence-advancedbtn.kt-btns12_779a99-21 .kt-btn-wrap-0 .kt-button:focus{background:#444444;}<\/style>\n<div class=\"wp-block-kadence-advancedbtn kb-buttons-wrap kb-btns12_779a99-21\"><style>ul.menu .wp-block-kadence-advancedbtn .kb-btn12_998e29-e4.kb-button{width:initial;}<\/style><a class=\"kb-button kt-button button kb-btn12_998e29-e4 kt-btn-size-standard kt-btn-width-type-auto kb-btn-global-fill  kt-btn-has-text-true kt-btn-has-svg-false  wp-block-kadence-singlebtn\" href=\"https:\/\/elektrocopy.pl\/?page_id=10\"><span class=\"kt-btn-inner-text\">Chc\u0119 sw\u00f3j tekst! Zamawiam!<\/span><\/a><\/div>\n\n\n\n<p><\/p>\n","protected":false},"excerpt":{"rendered":"<p>A gdzie s\u0105 te teksty?! Ta my\u015bl pojawi\u0142a si\u0119 pewnie w twojej g\u0142owie sekund\u0119 po wej\u015bciu do mojego portfolio. Kiedy\u015b pewien m\u0105dry copywriter powiedzia\u0142 mi, \u017ce wi\u0119kszo\u015b\u0107 portfolio copy zawiera same teksty. Dlatego postanowi\u0142em, \u017ce zrobi\u0119 inaczej i tym sposobem z\u0142api\u0119 twoj\u0105 uwag\u0119.&nbsp; Teraz gdy ju\u017c j\u0105 mam, powiem ci czym si\u0119 zajmuj\u0119. Jestem copywriterem&#8230;<\/p>\n","protected":false},"author":1,"featured_media":0,"parent":0,"menu_order":0,"comment_status":"closed","ping_status":"closed","template":"","meta":{"_kad_post_transparent":"","_kad_post_title":"","_kad_post_layout":"","_kad_post_sidebar_id":"","_kad_post_content_style":"","_kad_post_vertical_padding":"","_kad_post_feature":"","_kad_post_feature_position":"","_kad_post_header":false,"_kad_post_footer":false,"footnotes":""},"class_list":["post-12","page","type-page","status-publish","hentry"],"_links":{"self":[{"href":"https:\/\/elektrocopy.pl\/index.php?rest_route=\/wp\/v2\/pages\/12","targetHints":{"allow":["GET"]}}],"collection":[{"href":"https:\/\/elektrocopy.pl\/index.php?rest_route=\/wp\/v2\/pages"}],"about":[{"href":"https:\/\/elektrocopy.pl\/index.php?rest_route=\/wp\/v2\/types\/page"}],"author":[{"embeddable":true,"href":"https:\/\/elektrocopy.pl\/index.php?rest_route=\/wp\/v2\/users\/1"}],"replies":[{"embeddable":true,"href":"https:\/\/elektrocopy.pl\/index.php?rest_route=%2Fwp%2Fv2%2Fcomments&post=12"}],"version-history":[{"count":9,"href":"https:\/\/elektrocopy.pl\/index.php?rest_route=\/wp\/v2\/pages\/12\/revisions"}],"predecessor-version":[{"id":106,"href":"https:\/\/elektrocopy.pl\/index.php?rest_route=\/wp\/v2\/pages\/12\/revisions\/106"}],"wp:attachment":[{"href":"https:\/\/elektrocopy.pl\/index.php?rest_route=%2Fwp%2Fv2%2Fmedia&parent=12"}],"curies":[{"name":"wp","href":"https:\/\/api.w.org\/{rel}","templated":true}]}}