{"id":14,"date":"2025-09-11T18:05:28","date_gmt":"2025-09-11T16:05:28","guid":{"rendered":"https:\/\/elektrocopy.pl\/?page_id=14"},"modified":"2025-10-06T11:53:59","modified_gmt":"2025-10-06T09:53:59","slug":"blog","status":"publish","type":"page","link":"https:\/\/elektrocopy.pl\/?page_id=14","title":{"rendered":"Blog"},"content":{"rendered":"<style>.kb-posts-id-14_defd38-5f .kb-post-list-item{display:grid;}<\/style><ul class=\"wp-block-kadence-posts kb-posts kadence-posts-list kb-posts-id-14_defd38-5f content-wrap grid-cols kb-posts-style-boxed grid-sm-col-2 grid-lg-col-3 item-image-style-above\"><li class=\"kb-post-list-item\">\n\t<article class=\"entry content-bg loop-entry post-56 post type-post status-publish format-standard has-post-thumbnail hentry category-bez-kategorii\">\n\t\t\t\t<a aria-hidden=\"true\" tabindex=\"-1\" role=\"presentation\" class=\"post-thumbnail kadence-thumbnail-ratio-2-3\" href=\"https:\/\/elektrocopy.pl\/?p=56\" aria-label=\"Dlaczego powiniene\u015b przerzuci\u0107 si\u0119 z Arduino UNO R3 na Arduino UNO R4 WiFi?\">\n\t\t\t<div class=\"post-thumbnail-inner\">\n\t\t\t\t<img loading=\"lazy\" decoding=\"async\" width=\"768\" height=\"512\" src=\"https:\/\/elektrocopy.pl\/wp-content\/uploads\/2025\/10\/Dlaczego-powienienes-przerzucic-sie-z-Arduino-UNO-R3-na-Arduino-UNO-R4-WiFi-768x512.jpg\" class=\"attachment-medium_large size-medium_large wp-post-image\" alt=\"Osoba trzyma r\u0119k\u0119 na pude\u0142ku z elementami elektronicznymi, w tym p\u0142ytk\u0105 Arduino UNO i przewodami.\" srcset=\"https:\/\/elektrocopy.pl\/wp-content\/uploads\/2025\/10\/Dlaczego-powienienes-przerzucic-sie-z-Arduino-UNO-R3-na-Arduino-UNO-R4-WiFi-768x512.jpg 768w, https:\/\/elektrocopy.pl\/wp-content\/uploads\/2025\/10\/Dlaczego-powienienes-przerzucic-sie-z-Arduino-UNO-R3-na-Arduino-UNO-R4-WiFi-300x200.jpg 300w, https:\/\/elektrocopy.pl\/wp-content\/uploads\/2025\/10\/Dlaczego-powienienes-przerzucic-sie-z-Arduino-UNO-R3-na-Arduino-UNO-R4-WiFi-1024x683.jpg 1024w, https:\/\/elektrocopy.pl\/wp-content\/uploads\/2025\/10\/Dlaczego-powienienes-przerzucic-sie-z-Arduino-UNO-R3-na-Arduino-UNO-R4-WiFi-1536x1024.jpg 1536w, https:\/\/elektrocopy.pl\/wp-content\/uploads\/2025\/10\/Dlaczego-powienienes-przerzucic-sie-z-Arduino-UNO-R3-na-Arduino-UNO-R4-WiFi-2048x1365.jpg 2048w\" sizes=\"auto, (max-width: 768px) 100vw, 768px\" \/>\t\t\t<\/div>\n\t\t<\/a><!-- .post-thumbnail -->\n\t\t\t\t<div class=\"entry-content-wrap\">\n\t\t\t<header class=\"entry-header\">\n\t\t<div class=\"entry-taxonomies\">\n\t\t<span class=\"category-links term-links category-style-normal\">\n\t\t\t<a href=\"https:\/\/elektrocopy.pl\/?cat=1\" class=\"category-link-bez-kategorii\" rel=\"tag\">Bez kategorii<\/a>\t\t<\/span>\n\t<\/div><!-- .entry-taxonomies -->\n\t<h2 class=\"entry-title\"><a href=\"https:\/\/elektrocopy.pl\/?p=56\" rel=\"bookmark\">Dlaczego powiniene\u015b przerzuci\u0107 si\u0119 z Arduino UNO R3 na Arduino UNO R4 WiFi?<\/a><\/h2>\t<div class=\"entry-meta entry-meta-divider-dot\">\n\t<span class=\"posted-by\"><span class=\"meta-label\">By<\/span><span class=\"author vcard\"><span class=\"fn n\">Piotr Kopek<\/span><\/span><\/span>\t\t\t<span class=\"posted-on\">\n\t\t\t\t<time class=\"entry-date published\" datetime=\"2025-10-06T11:10:03+02:00\">2025-10-06<\/time><time class=\"updated\" datetime=\"2025-10-06T11:10:04+02:00\">2025-10-06<\/time>\t\t\t<\/span>\n\t\t\t\t<\/div><!-- .entry-meta -->\n\t<\/header><!-- .entry-header -->\n\t<div class=\"entry-summary\">\n\t\t<p>Arduino UNO R3 jest solidne. Ma par\u0119 ciekawych funkcji i jest \u015bwietnym narz\u0119dziem do zbudowania naprawd\u0119 fajnych projekt\u00f3w, ALE\u2026 Arduino UNO R4 WiFi, to po prostu inny poziom. Masa nowych funkcji, kt\u00f3re zosta\u0142y dodane do tej p\u0142ytki, sprawia, \u017ce por\u00f3wnuj\u0105c j\u0105 do poprzedniego modelu, mo\u017cemy r\u00f3wnie dobrze por\u00f3wna\u0107 supersamoch\u00f3d Ferrari do zwyk\u0142ego Volkswagena.&nbsp; Je\u017celi chcesz&#8230;<\/p>\n\t<\/div><!-- .entry-summary -->\n\t<footer class=\"entry-footer\">\n\t\t\t<div class=\"entry-actions\">\n\t\t\t<p class=\"more-link-wrap\">\n\t\t\t\t<a href=\"https:\/\/elektrocopy.pl\/?p=56\" class=\"post-more-link\">\n\t\t\t\t\tRead More<span class=\"screen-reader-text\"> Dlaczego powiniene\u015b przerzuci\u0107 si\u0119 z Arduino UNO R3 na Arduino UNO R4 WiFi?<\/span><span class=\"kadence-svg-iconset svg-baseline\"><svg aria-hidden=\"true\" class=\"kadence-svg-icon kadence-arrow-right-alt-svg\" fill=\"currentColor\" version=\"1.1\" xmlns=\"http:\/\/www.w3.org\/2000\/svg\" width=\"27\" height=\"28\" viewBox=\"0 0 27 28\"><title>Continue<\/title><path d=\"M27 13.953c0 0.141-0.063 0.281-0.156 0.375l-6 5.531c-0.156 0.141-0.359 0.172-0.547 0.094-0.172-0.078-0.297-0.25-0.297-0.453v-3.5h-19.5c-0.281 0-0.5-0.219-0.5-0.5v-3c0-0.281 0.219-0.5 0.5-0.5h19.5v-3.5c0-0.203 0.109-0.375 0.297-0.453s0.391-0.047 0.547 0.078l6 5.469c0.094 0.094 0.156 0.219 0.156 0.359v0z\"><\/path>\n\t\t\t<\/svg><\/span>\t\t\t\t<\/a>\n\t\t\t<\/p>\n\t\t<\/div><!-- .entry-actions -->\n\t\t<\/footer><!-- .entry-footer -->\t\t<\/div>\n\t<\/article>\n<\/li>\n<\/ul>","protected":false},"excerpt":{"rendered":"","protected":false},"author":1,"featured_media":0,"parent":0,"menu_order":0,"comment_status":"closed","ping_status":"closed","template":"","meta":{"_kad_post_transparent":"","_kad_post_title":"","_kad_post_layout":"","_kad_post_sidebar_id":"","_kad_post_content_style":"","_kad_post_vertical_padding":"","_kad_post_feature":"","_kad_post_feature_position":"","_kad_post_header":false,"_kad_post_footer":false,"footnotes":""},"class_list":["post-14","page","type-page","status-publish","hentry"],"_links":{"self":[{"href":"https:\/\/elektrocopy.pl\/index.php?rest_route=\/wp\/v2\/pages\/14","targetHints":{"allow":["GET"]}}],"collection":[{"href":"https:\/\/elektrocopy.pl\/index.php?rest_route=\/wp\/v2\/pages"}],"about":[{"href":"https:\/\/elektrocopy.pl\/index.php?rest_route=\/wp\/v2\/types\/page"}],"author":[{"embeddable":true,"href":"https:\/\/elektrocopy.pl\/index.php?rest_route=\/wp\/v2\/users\/1"}],"replies":[{"embeddable":true,"href":"https:\/\/elektrocopy.pl\/index.php?rest_route=%2Fwp%2Fv2%2Fcomments&post=14"}],"version-history":[{"count":3,"href":"https:\/\/elektrocopy.pl\/index.php?rest_route=\/wp\/v2\/pages\/14\/revisions"}],"predecessor-version":[{"id":67,"href":"https:\/\/elektrocopy.pl\/index.php?rest_route=\/wp\/v2\/pages\/14\/revisions\/67"}],"wp:attachment":[{"href":"https:\/\/elektrocopy.pl\/index.php?rest_route=%2Fwp%2Fv2%2Fmedia&parent=14"}],"curies":[{"name":"wp","href":"https:\/\/api.w.org\/{rel}","templated":true}]}}