{"id":8,"date":"2025-09-11T18:03:15","date_gmt":"2025-09-11T16:03:15","guid":{"rendered":"https:\/\/elektrocopy.pl\/?page_id=8"},"modified":"2025-10-13T20:18:54","modified_gmt":"2025-10-13T18:18:54","slug":"o-mnie","status":"publish","type":"page","link":"https:\/\/elektrocopy.pl\/?page_id=8","title":{"rendered":"O mnie"},"content":{"rendered":"\n<p>Nazywam si\u0119 Piotr Kopek i nie b\u0119d\u0119 ci mydli\u0107 oczu\u2026<\/p>\n\n\n\n<h2 class=\"wp-block-heading\">Siedz\u0119 w copywritingu IT od 2025 r.<\/h2>\n\n\n\n<p>Pewnie my\u015blisz sobie teraz, \u017ce niepotrzebnie traci\u0142e\u015b czas, bo po co ci copywriter bez do\u015bwiadczenia? Po co ci kto\u015b m\u0142ody, kt\u00f3ry b\u0119dzie si\u0119 uczy\u0142 fachu na twoich tekstach? Lepiej wzi\u0105\u0107 jakiego\u015b starego i do\u015bwiadczonego copywritera.&nbsp;<\/p>\n\n\n\n<p>Jest tylko jeden problem. <strong>Takiemu copywriterowi nie zale\u017cy na tobie i twoim zleceniu. On ma ju\u017c nast\u0119pne 10 innych tekst\u00f3w do napisania, wi\u0119c odda ci schematyczne copy, napisane tylko po to, by odb\u0119bni\u0107 kolejne zlecenie.<\/strong> I pewnie we\u017amie za to trzy razy wi\u0119cej pieni\u0119dzy ni\u017c ja.&nbsp;<\/p>\n\n\n\n<p>Tymczasem u mnie\u2026<\/p>\n\n\n\n<h2 class=\"wp-block-heading\">Pisz\u0119 teksty z pasj\u0105<\/h2>\n\n\n\n<p>Pisaniem powie\u015bci interesuje si\u0119 ju\u017c od 13 roku \u017cycia i zawsze chcia\u0142em zosta\u0107 profesjonalnym pisarzem.&nbsp;<\/p>\n\n\n\n<p>W mi\u0119dzyczasie pojawi\u0142a si\u0119 tak\u017ce pasja do elektroniki.<strong> Lubi\u0119 majsterkowa\u0107 z r\u00f3\u017cnymi uk\u0142adami, pisa\u0107 programy na Arduino lub siedzie\u0107 do p\u00f3\u017ana lutuj\u0105c, gdy na s\u0142uchawkach leci t\u0142usty bit.<\/strong>&nbsp;<\/p>\n\n\n\n<p><strong>Tak w\u0142a\u015bnie zrodzi\u0142a si\u0119 moja pasja do copywritingu IT. Pisz\u0119 nie dlatego, by odhaczy\u0107 kolejnego klienta, lecz dlatego, \u017ce lubi\u0119 si\u0119 dzieli\u0107 tym, co sam wiem i szerzy\u0107 pasj\u0119 do elektroniki w sieci.<\/strong>&nbsp;<\/p>\n\n\n\n<p>Wiem jednak, \u017ce na samej pasji daleko si\u0119 nie zajedzie i warto by wiedzie\u0107:<\/p>\n\n\n\n<ul class=\"wp-block-list\">\n<li>&nbsp;jak si\u0119 pisze copy?<\/li>\n\n\n\n<li>czym jest content marketing?<\/li>\n\n\n\n<li>czym jest SEO?<\/li>\n<\/ul>\n\n\n\n<p>Dlatego rozumiem twoje zmartwienie, o m\u00f3j kr\u00f3tki czas dzia\u0142ania w bran\u017cy, lecz nie martw si\u0119. Mimo tylko kilku miesi\u0119cy ju\u017c\u2026<\/p>\n\n\n\n<h2 class=\"wp-block-heading\">Mam do\u015bwiadczenie&nbsp;<\/h2>\n\n\n\n<p>Mam trzy artyku\u0142y go\u015bcinne na trzech r\u00f3\u017cnych blogach:<\/p>\n\n\n\n<ul class=\"wp-block-list\">\n<li><a href=\"https:\/\/swiattechnologii.pl\/\" target=\"_blank\" rel=\"noopener\">swiattechnologii.pl&nbsp;<\/a><\/li>\n\n\n\n<li><a href=\"https:\/\/lvlapp.pl\/\" target=\"_blank\" rel=\"noopener\">lvlapp.pl<\/a><\/li>\n\n\n\n<li><a href=\"http:\/\/internetoweportfolio.pl\" target=\"_blank\" rel=\"noopener\">internetoweportfolio.pl<\/a>&nbsp;<\/li>\n<\/ul>\n\n\n\n<p><strong>Dodatkowo je\u015bli to czytasz, to ju\u017c wiesz, \u017ce stworzy\u0142em tak\u017ce w\u0142asn\u0105 stron\u0119 internetow\u0105 i nieustannie j\u0105 rozwijam tak, by kiedy\u015b zbiera\u0142a ruch organiczny.<\/strong>&nbsp;<\/p>\n\n\n\n<p>Nie spoczywamy jednak na laurach i\u2026<\/p>\n\n\n\n<h2 class=\"wp-block-heading\">Nieustannie si\u0119 rozwijam<\/h2>\n\n\n\n<p><strong>Regularnie chodz\u0119 na webinary zwi\u0105zane z copywritingiem i content marketingiem. <\/strong>Uczestnicz\u0119 w kursach i warsztatach, kt\u00f3re pomagaj\u0105 mi pisa\u0107 lepsze teksty i lepiej bada\u0107 potrzeby klient\u00f3w. Bior\u0119 sobie do serca feedback od moich klient\u00f3w, by ka\u017cdy m\u00f3j tekst, by\u0142 chocia\u017c troch\u0119 lepszy od poprzedniego.&nbsp;<\/p>\n\n\n\n<h2 class=\"wp-block-heading\">Czy dasz szans\u0119 ambitnemu pasjonatowi?<\/h2>\n\n\n\n<p>Teraz ju\u017c wiesz o mnie wszystko (no, a przynajmniej wszystko, czego potrzebujesz). Pozostaje pytanie: czy dasz mi szans\u0119 napisa\u0107 tekst, w kt\u00f3ry pasja do elektroniki spotyka si\u0119 ze smyka\u0142k\u0105 do pisania?&nbsp;<\/p>\n\n\n<style>.wp-block-kadence-advancedbtn.kb-btns8_0a5df9-ed{gap:var(--global-kb-gap-xs, 0.5rem );justify-content:center;align-items:center;}.kt-btns8_0a5df9-ed .kt-button{font-weight:normal;font-style:normal;}.kt-btns8_0a5df9-ed .kt-btn-wrap-0{margin-right:5px;}.wp-block-kadence-advancedbtn.kt-btns8_0a5df9-ed .kt-btn-wrap-0 .kt-button{color:#555555;border-color:#555555;}.wp-block-kadence-advancedbtn.kt-btns8_0a5df9-ed .kt-btn-wrap-0 .kt-button:hover, .wp-block-kadence-advancedbtn.kt-btns8_0a5df9-ed .kt-btn-wrap-0 .kt-button:focus{color:#ffffff;border-color:#444444;}.wp-block-kadence-advancedbtn.kt-btns8_0a5df9-ed .kt-btn-wrap-0 .kt-button::before{display:none;}.wp-block-kadence-advancedbtn.kt-btns8_0a5df9-ed .kt-btn-wrap-0 .kt-button:hover, .wp-block-kadence-advancedbtn.kt-btns8_0a5df9-ed .kt-btn-wrap-0 .kt-button:focus{background:#444444;}<\/style>\n<div class=\"wp-block-kadence-advancedbtn kb-buttons-wrap kb-btns8_0a5df9-ed\"><style>ul.menu .wp-block-kadence-advancedbtn .kb-btn8_1dd609-89.kb-button{width:initial;}<\/style><a class=\"kb-button kt-button button kb-btn8_1dd609-89 kt-btn-size-standard kt-btn-width-type-auto kb-btn-global-fill  kt-btn-has-text-true kt-btn-has-svg-false  wp-block-kadence-singlebtn\" href=\"https:\/\/elektrocopy.pl\/?page_id=10\"><span class=\"kt-btn-inner-text\">Chc\u0119 da\u0107 Ci szans\u0119. Zamawiam!<\/span><\/a><\/div>\n\n\n\n<p><\/p>\n","protected":false},"excerpt":{"rendered":"<p>Nazywam si\u0119 Piotr Kopek i nie b\u0119d\u0119 ci mydli\u0107 oczu\u2026 Siedz\u0119 w copywritingu IT od 2025 r. Pewnie my\u015blisz sobie teraz, \u017ce niepotrzebnie traci\u0142e\u015b czas, bo po co ci copywriter bez do\u015bwiadczenia? Po co ci kto\u015b m\u0142ody, kt\u00f3ry b\u0119dzie si\u0119 uczy\u0142 fachu na twoich tekstach? Lepiej wzi\u0105\u0107 jakiego\u015b starego i do\u015bwiadczonego copywritera.&nbsp; Jest tylko jeden&#8230;<\/p>\n","protected":false},"author":1,"featured_media":0,"parent":0,"menu_order":0,"comment_status":"closed","ping_status":"closed","template":"","meta":{"_kad_post_transparent":"","_kad_post_title":"","_kad_post_layout":"","_kad_post_sidebar_id":"","_kad_post_content_style":"","_kad_post_vertical_padding":"","_kad_post_feature":"","_kad_post_feature_position":"","_kad_post_header":false,"_kad_post_footer":false,"footnotes":""},"class_list":["post-8","page","type-page","status-publish","hentry"],"_links":{"self":[{"href":"https:\/\/elektrocopy.pl\/index.php?rest_route=\/wp\/v2\/pages\/8","targetHints":{"allow":["GET"]}}],"collection":[{"href":"https:\/\/elektrocopy.pl\/index.php?rest_route=\/wp\/v2\/pages"}],"about":[{"href":"https:\/\/elektrocopy.pl\/index.php?rest_route=\/wp\/v2\/types\/page"}],"author":[{"embeddable":true,"href":"https:\/\/elektrocopy.pl\/index.php?rest_route=\/wp\/v2\/users\/1"}],"replies":[{"embeddable":true,"href":"https:\/\/elektrocopy.pl\/index.php?rest_route=%2Fwp%2Fv2%2Fcomments&post=8"}],"version-history":[{"count":3,"href":"https:\/\/elektrocopy.pl\/index.php?rest_route=\/wp\/v2\/pages\/8\/revisions"}],"predecessor-version":[{"id":79,"href":"https:\/\/elektrocopy.pl\/index.php?rest_route=\/wp\/v2\/pages\/8\/revisions\/79"}],"wp:attachment":[{"href":"https:\/\/elektrocopy.pl\/index.php?rest_route=%2Fwp%2Fv2%2Fmedia&parent=8"}],"curies":[{"name":"wp","href":"https:\/\/api.w.org\/{rel}","templated":true}]}}